{"id":13,"date":"2021-07-15T16:42:25","date_gmt":"2021-07-15T14:42:25","guid":{"rendered":"https:\/\/www.tulear-madagascar.com\/?page_id=13"},"modified":"2022-03-15T10:51:51","modified_gmt":"2022-03-15T09:51:51","slug":"tulear-capitale-ensoleillee-sud","status":"publish","type":"page","link":"https:\/\/www.tulear-madagascar.com\/","title":{"rendered":"Tul\u00e9ar, la capitale ensoleill\u00e9e du Sud"},"content":{"rendered":"<p><img loading=\"lazy\" decoding=\"async\" class=\"aligncenter wp-image-24 size-full\" src=\"https:\/\/www.tulear-madagascar.com\/wp-content\/uploads\/2021\/07\/madagascar-holiday-toliara-beach-e1626363846214.jpg\" alt=\"plage tul\u00e9ar\" width=\"1000\" height=\"500\" srcset=\"https:\/\/www.tulear-madagascar.com\/wp-content\/uploads\/2021\/07\/madagascar-holiday-toliara-beach-e1626363846214.jpg 1000w, https:\/\/www.tulear-madagascar.com\/wp-content\/uploads\/2021\/07\/madagascar-holiday-toliara-beach-e1626363846214-300x150.jpg 300w, https:\/\/www.tulear-madagascar.com\/wp-content\/uploads\/2021\/07\/madagascar-holiday-toliara-beach-e1626363846214-768x384.jpg 768w\" sizes=\"auto, (max-width: 1000px) 100vw, 1000px\" \/><\/p>\n<p class=\"western\">Madagascar est une \u00eele, peut-\u00eatre, mais c&rsquo;est la 5\u00e8me plus grande du monde. D&rsquo;une superficie de 587 041 km<span style=\"font-family: Times New Roman, serif;\">\u00b2<\/span>, le territoire malgache se divise en une vingtaine de provinces. Parmi elles, Atsimo-Andrefana, au Sud-Ouest du pays. C&rsquo;est Tul\u00e9ar qui tr\u00f4ne en ville principale de cette r\u00e9gion, surnomm\u00e9e capitale du soleil. Sans aucun doute, <a href=\"https:\/\/madamag.mg\/tulear\/\">Tul\u00e9ar<\/a>, aussi appel\u00e9e Toliara, poss\u00e8de le record d&rsquo;ensoleillement du pays. Pr\u00e8s de 3500 heures de soleil par an\u00a0: peu \u00e9tonnant que cette ville prenne alors le nom de ville du soleil.<\/p>\n<h2 class=\"western\">\u200bUne vir\u00e9e vers la cit\u00e9 du soleil<\/h2>\n<p class=\"western\">Pour y acc\u00e9der, la route nationale 7 trace directement depuis la capitale nationale, Antananarivo. Depuis la France, 12h de vol permettent d&rsquo;atterrir dans la ville des milles. Il faudra programmer un second vol en direction de la capitale ensoleill\u00e9e pour finaliser son trajet, en 1h30 environ. En arrivant, le climat sera chaud, il n&rsquo;en fait presque aucun doute. Les temp\u00e9ratures tournent facilement autour de 25 degr\u00e9s et la pluie se fait rare. Ce climat sec permet alors de profiter des villages attenants et des plages fabuleuses qui font le bonheur des voyageurs au Sud de Madagascar.<\/p>\n<h2 class=\"western\">\u200bDes plages aux activit\u00e9s nautiques\u00a0: une ville pour tous<\/h2>\n<p class=\"western\">De nombreuses stations baln\u00e9aires aux alentours de Tul\u00e9ar, carrefour de voyageurs, attirent l&rsquo;attention. Ifaty, Anakao, ces noms sont \u00e0 noter, promettant certains des plus beaux paysages du Sud \u00e0 voir. Sable blanc et chaud, palmeraies, villages p\u00eacheurs, ces lieux offrent aux touristes et aux r\u00e9sidents un environnement de qualit\u00e9 et traditionnel. Les activit\u00e9s sont nombreuses dans ce cadre, et il y a de quoi plaire \u00e0 tous types de profils.<\/p>\n<p><img loading=\"lazy\" decoding=\"async\" class=\"alignright wp-image-16 size-medium\" src=\"https:\/\/www.tulear-madagascar.com\/wp-content\/uploads\/2021\/07\/1565068191-tulear-news_item_slider-t1565068191-e1626360628969-300x150.jpg\" alt=\"paysage plage \u00e0 tul\u00e9ar\" width=\"300\" height=\"150\" srcset=\"https:\/\/www.tulear-madagascar.com\/wp-content\/uploads\/2021\/07\/1565068191-tulear-news_item_slider-t1565068191-e1626360628969-300x150.jpg 300w, https:\/\/www.tulear-madagascar.com\/wp-content\/uploads\/2021\/07\/1565068191-tulear-news_item_slider-t1565068191-e1626360628969.jpg 750w\" sizes=\"auto, (max-width: 300px) 100vw, 300px\" \/><\/p>\n<p class=\"western\">\u00a0Avec la plong\u00e9e, le surf, ou le snorkeling, les sportifs d\u00e9couvrent les barri\u00e8res de corail et les sp\u00e9cificit\u00e9s des mers malgaches. Pour les amoureux du soleil, les plages ou les tours en pirogue combinent d\u00e9contraction et paysages \u00e0 couper le souffle.<\/p>\n<h2 class=\"western\">\u200bMangroves et reptiles\u00a0: une faune et flore unique<\/h2>\n<p class=\"western\">Le Sud-Ouest est particuli\u00e8rement touch\u00e9 par de forts probl\u00e8mes de d\u00e9forestation. Entre les hectares br\u00fbl\u00e9s pour les terres agricoles ou les arbres abattus pour la construction de boutres, bateaux de bois traditionnels, les for\u00eats ont \u00e9t\u00e9 mises \u00e0 mal. De nombreux projets locaux et nationaux encouragent depuis peu la protection et la pr\u00e9servation des for\u00eats de la r\u00e9gion. Les visites des r\u00e9serves \u00e9cologiques font alors d&rsquo;une pierre deux coups pour les visiteurs.<\/p>\n<p>C&rsquo;est l&rsquo;occasion de s&rsquo;extasier sur les milliers d&rsquo;esp\u00e8ces animales et v\u00e9g\u00e9tales uniques \u00e0 Madagascar tout en agissant pour sa pr\u00e9servation. Tul\u00e9ar et ses alentours, tout particuli\u00e8rement, offrent des exp\u00e9riences exceptionnelles. Honko, par exemple, est une r\u00e9serve de mangroves, o\u00f9 7 diff\u00e9rentes sortes de pal\u00e9tuviers et 35 oiseaux rares diff\u00e9rents sont \u00e0 d\u00e9couvrir. En kayak comme en randonn\u00e9e, l&rsquo;endroit se visite et s&rsquo;appr\u00e9cie plus encore aupr\u00e8s d&rsquo;un guide sp\u00e9cialis\u00e9. Moins loin de Tul\u00e9ar, un d\u00e9tour vers l&rsquo;Arboretum d&rsquo;Antsokay se fait facilement. Ce parc botanique cr\u00e9\u00e9 en 1980 par un suisse prot\u00e8ge les esp\u00e8ces end\u00e9miques au Sud-Ouest malgache. Reptiles, mammif\u00e8res et plantes par centaines s&rsquo;y r\u00e9v\u00e8lent.<\/p>\n<h2 class=\"western\">\u200bUn h\u00e9ritage culturel aux importantes traditions<\/h2>\n<p><img loading=\"lazy\" decoding=\"async\" class=\"wp-image-23 size-medium alignleft\" src=\"https:\/\/www.tulear-madagascar.com\/wp-content\/uploads\/2021\/07\/mikea-lodge-e1626363919828-300x180.jpg\" alt=\"\" width=\"300\" height=\"180\" srcset=\"https:\/\/www.tulear-madagascar.com\/wp-content\/uploads\/2021\/07\/mikea-lodge-e1626363919828-300x180.jpg 300w, https:\/\/www.tulear-madagascar.com\/wp-content\/uploads\/2021\/07\/mikea-lodge-e1626363919828.jpg 500w\" sizes=\"auto, (max-width: 300px) 100vw, 300px\" \/><\/p>\n<p class=\"western\">Visiter Tul\u00e9ar et ses alentours en la compagnie d&rsquo;un guide est recommand\u00e9. D&rsquo;abord pour une question de s\u00e9curit\u00e9, ces territoires \u00e9tant bien moins touristiques que d&rsquo;autres r\u00e9gions malgaches. C&rsquo;est aussi parce que, comme dans tout endroit du monde, les gens natifs d&rsquo;un pays sont bien plus \u00e0 m\u00eame d&rsquo;en r\u00e9v\u00e9ler les tr\u00e9sors et les habitudes. Madagascar est un pays assez religieux, qui poss\u00e8de en prime de nombreux us et coutumes \u00e0 respecter. Tul\u00e9ar garantit une escapade des plus authentiques, par exemple au sein de vieux villages p\u00eacheurs. \u00catre respectueux des habitudes de vie de ces endroits retir\u00e9s du monde occidental devient essentiel.<\/p>\n<p class=\"western\">Ce sera encore plus le cas \u00e0 Anakao, par exemple, village p\u00eacheur du peuple Vezo, connu notamment pour la fabrication des boutres traditionnels. Un d\u00e9tour par cet endroit pittoresque donne une vue privil\u00e9gi\u00e9e sur de nombreuses cases traditionnelles, devenus tombeaux. Un respect absolu de ses lieux de repos et des cimeti\u00e8res est demand\u00e9. Endroit tabou, les \u00e9trangers sont loin d&rsquo;y \u00eatre la bienvenue. La spiritualit\u00e9 peut s&rsquo;\u00e9tendre \u00e0 tous les recoins, aussi de nombreux arbres pourront \u00eatre sacr\u00e9s, d&rsquo;autant plus dans cette r\u00e9gion de Madagascar. \u00c9couter ses guides, se renseigner aupr\u00e8s des r\u00e9sidents, voil\u00e0 de quoi s&rsquo;assurer de profiter de l&rsquo;h\u00e9ritage culturel passionnant de Tul\u00e9ar sans froisser ses h\u00f4tes.<\/p>\n<h2 class=\"western\">\u200bProfiter du carrefour gastronomique<\/h2>\n<p class=\"western\"><span style=\"font-family: Times New Roman, serif;\">\u00c0<\/span> l&rsquo;instar du reste du territoire, la r\u00e9gion du Sud-Ouest poss\u00e8de un fort h\u00e9ritage. Cette \u00eele, dont les origines sont diverses et vari\u00e9es, garantit un cocktail de cosmopolitisme. Les traditions sont riches de nombreuses cultures, et la gastronomie le fait ressentir \u00e9galement. <span style=\"font-family: Times New Roman, serif;\">\u00c0<\/span> Tul\u00e9ar, tout particuli\u00e8rement, les voyageurs se retrouve plong\u00e9 dans un carrefour plein de d\u00e9couvertes. Ce sera l&rsquo;occasion de go\u00fbter, au sein d&rsquo;une m\u00eame cit\u00e9, \u00e0 des plats authentiques comme \u00e0 une cuisine tir\u00e9e et influenc\u00e9e de la Chine et de l&rsquo;Inde. L&rsquo;influence indo-pakistanaise est en effet tr\u00e8s forte \u00e0 Tul\u00e9ar, tant dans son \u00e9conomie que dans sa culture. En l&rsquo;espace de quelques jours, le palais s&rsquo;essaie ainsi tant aux samoussas qu&rsquo;au mi-xao, en passant par le \u00ab\u00a0romazava\u00a0\u00bb, un rago\u00fbt de z\u00e9bu et de br\u00e8des. Cette \u00eele de r\u00eave, d&rsquo;un bout \u00e0 l&rsquo;autre de son territoire, promet alors des plaisirs en tout genre.<\/p>\n","protected":false},"excerpt":{"rendered":"<p>Madagascar est une \u00eele, peut-\u00eatre, mais c&rsquo;est la 5\u00e8me plus grande du monde. D&rsquo;une superficie de 587 041 km\u00b2, le territoire malgache se divise en une vingtaine de provinces. Parmi elles, Atsimo-Andrefana, au Sud-Ouest du pays. C&rsquo;est Tul\u00e9ar qui tr\u00f4ne en ville principale de cette r\u00e9gion, surnomm\u00e9e capitale du soleil. Sans aucun doute, Tul\u00e9ar, aussi [&hellip;]<\/p>\n","protected":false},"author":3,"featured_media":0,"parent":0,"menu_order":0,"comment_status":"closed","ping_status":"closed","template":"","meta":{"_monsterinsights_skip_tracking":false,"_monsterinsights_sitenote_active":false,"_monsterinsights_sitenote_note":"","_monsterinsights_sitenote_category":0,"footnotes":""},"class_list":["post-13","page","type-page","status-publish","hentry"],"_links":{"self":[{"href":"https:\/\/www.tulear-madagascar.com\/index.php\/wp-json\/wp\/v2\/pages\/13","targetHints":{"allow":["GET"]}}],"collection":[{"href":"https:\/\/www.tulear-madagascar.com\/index.php\/wp-json\/wp\/v2\/pages"}],"about":[{"href":"https:\/\/www.tulear-madagascar.com\/index.php\/wp-json\/wp\/v2\/types\/page"}],"author":[{"embeddable":true,"href":"https:\/\/www.tulear-madagascar.com\/index.php\/wp-json\/wp\/v2\/users\/3"}],"replies":[{"embeddable":true,"href":"https:\/\/www.tulear-madagascar.com\/index.php\/wp-json\/wp\/v2\/comments?post=13"}],"version-history":[{"count":15,"href":"https:\/\/www.tulear-madagascar.com\/index.php\/wp-json\/wp\/v2\/pages\/13\/revisions"}],"predecessor-version":[{"id":74,"href":"https:\/\/www.tulear-madagascar.com\/index.php\/wp-json\/wp\/v2\/pages\/13\/revisions\/74"}],"wp:attachment":[{"href":"https:\/\/www.tulear-madagascar.com\/index.php\/wp-json\/wp\/v2\/media?parent=13"}],"curies":[{"name":"wp","href":"https:\/\/api.w.org\/{rel}","templated":true}]}}